{"id":1428,"date":"2025-07-03T12:44:53","date_gmt":"2025-07-03T12:44:53","guid":{"rendered":"https:\/\/mcge.com.mx\/tienda\/?post_type=product&#038;p=1428"},"modified":"2025-07-03T12:44:55","modified_gmt":"2025-07-03T12:44:55","slug":"planta-electrica-de-emergencia-gh619csx","status":"publish","type":"product","link":"https:\/\/mcge.com.mx\/tienda\/product\/planta-electrica-de-emergencia-gh619csx\/","title":{"rendered":"PLANTA ELECTRICA DE EMERGENCIA GH619CSX"},"content":{"rendered":"<p>Rendimiento y fiabilidad inigualables<br \/>\nPresentamos nuestros generadores de alto rendimiento dise\u00f1ados para ofrecer una eficiencia y fiabilidad \u00f3ptimas. Tanto si busca alternativas en modelos de motor, alternadores o caracter\u00edsticas \u00fanicas, nuestros productos destacan en rendimiento y tecnolog\u00eda. Con opciones tanto para modelos abiertos como cerrados, nuestros motores pueden satisfacer diversos requisitos, garantizando que disponga de la opci\u00f3n adecuada para su proyecto.<br \/>\nEspecificaciones t\u00e9cnicas avanzadas<br \/>\nNuestros motores vienen equipados con impresionantes especificaciones que garantizan una funcionalidad superior. Con un rango de corriente m\u00e1xima de 275,55 A a 582,90 A, estos motores ofrecen un potente rendimiento adecuado para numerosas aplicaciones. Cada motor incluye una bomba de aceite manual y un sistema de drenaje, junto con una alarma de saturaci\u00f3n del filtro y una alarma de bajo nivel de agua para mantener la seguridad operativa.<br \/>\nCaracter\u00edsticas de seguridad y durabilidad<br \/>\nLa seguridad es primordial en el dise\u00f1o de nuestros motores. Con un robusto sistema de refrigeraci\u00f3n que incluye un radiador de 50 \u00baC, nuestros motores est\u00e1n dise\u00f1ados para evitar el sobrecalentamiento y garantizar una durabilidad prolongada. Adem\u00e1s, incorporan potentes mecanismos de protecci\u00f3n como un ventilador y un protector de correa, junto con un ventilador totalmente asegurado para mejorar la estabilidad de funcionamiento. Estas caracter\u00edsticas est\u00e1n dise\u00f1adas no s\u00f3lo para prolongar la vida \u00fatil del motor, sino tambi\u00e9n para proporcionar tranquilidad cuando est\u00e1 en servicio.<\/p>\n<p>Adem\u00e1s, nuestros motores incluyen bater\u00edas con soportes y cables optimizados para CUMMINS 6CTA8.3-G2, lo que garantiza una integraci\u00f3n perfecta y un rendimiento eficaz. <\/p>\n","protected":false},"excerpt":{"rendered":"<p>MOTOR  :CUMMINS<br \/>\nMODELO DE MOTOR : 4B3.9-G11<br \/>\nALTERNADOR :  LEROY SUMER, TAL-A40-G,<br \/>\nPRIME POWER:        20 KW, 25 KVA,<br \/>\nSTAND BY:         40 KW &#8211; 28 KVA,<\/p>\n","protected":false},"featured_media":1221,"comment_status":"closed","ping_status":"closed","template":"","meta":[],"product_brand":[],"product_cat":[76,77],"product_tag":[50,40,49,47,51,48,54,53,52],"class_list":{"0":"post-1428","1":"product","2":"type-product","3":"status-publish","4":"has-post-thumbnail","6":"product_cat-generacion-electrica-2","7":"product_cat-plantas-electricas-de-emergencia","8":"product_tag-cummins","9":"product_tag-diesel","10":"product_tag-emergencia","11":"product_tag-generadores-electricos","12":"product_tag-leroy-somer","13":"product_tag-plantas-electricas","14":"product_tag-sistema-de-monitoreo","15":"product_tag-tablero-de-control","16":"product_tag-transferencia","18":"first","19":"instock","20":"featured","21":"taxable","22":"shipping-taxable","23":"purchasable","24":"product-type-simple"},"_links":{"self":[{"href":"https:\/\/mcge.com.mx\/tienda\/wp-json\/wp\/v2\/product\/1428","targetHints":{"allow":["GET"]}}],"collection":[{"href":"https:\/\/mcge.com.mx\/tienda\/wp-json\/wp\/v2\/product"}],"about":[{"href":"https:\/\/mcge.com.mx\/tienda\/wp-json\/wp\/v2\/types\/product"}],"replies":[{"embeddable":true,"href":"https:\/\/mcge.com.mx\/tienda\/wp-json\/wp\/v2\/comments?post=1428"}],"version-history":[{"count":1,"href":"https:\/\/mcge.com.mx\/tienda\/wp-json\/wp\/v2\/product\/1428\/revisions"}],"predecessor-version":[{"id":1455,"href":"https:\/\/mcge.com.mx\/tienda\/wp-json\/wp\/v2\/product\/1428\/revisions\/1455"}],"wp:featuredmedia":[{"embeddable":true,"href":"https:\/\/mcge.com.mx\/tienda\/wp-json\/wp\/v2\/media\/1221"}],"wp:attachment":[{"href":"https:\/\/mcge.com.mx\/tienda\/wp-json\/wp\/v2\/media?parent=1428"}],"wp:term":[{"taxonomy":"product_brand","embeddable":true,"href":"https:\/\/mcge.com.mx\/tienda\/wp-json\/wp\/v2\/product_brand?post=1428"},{"taxonomy":"product_cat","embeddable":true,"href":"https:\/\/mcge.com.mx\/tienda\/wp-json\/wp\/v2\/product_cat?post=1428"},{"taxonomy":"product_tag","embeddable":true,"href":"https:\/\/mcge.com.mx\/tienda\/wp-json\/wp\/v2\/product_tag?post=1428"}],"curies":[{"name":"wp","href":"https:\/\/api.w.org\/{rel}","templated":true}]}}